{"id":31209,"date":"2025-02-27T11:46:56","date_gmt":"2025-02-27T10:46:56","guid":{"rendered":"https:\/\/svera.at\/industrie\/?page_id=31209"},"modified":"2025-10-26T18:20:07","modified_gmt":"2025-10-26T17:20:07","slug":"vermittlung","status":"publish","type":"page","link":"https:\/\/svera.at\/industrie\/vermittlung\/","title":{"rendered":"Vermittlung"},"content":{"rendered":"<div class=\"wpb-content-wrapper\"><p>[vc_row][vc_column width=&#8221;1\/2&#8243;][vc_custom_heading text=&#8221;Vermittlung&#8221; font_container=&#8221;tag:h2|font_size:36px|text_align:left|color:%23151515|line_height:36px&#8221; use_theme_fonts=&#8221;yes&#8221; css_animation=&#8221;none&#8221; css=&#8221;&#8221;][vc_empty_space height=&#8221;20px&#8221;][vc_column_text css_animation=&#8221;none&#8221; css=&#8221;&#8221;]<\/p>\n<p data-start=\"393\" data-end=\"652\">Die direkte Vermittlung von Fach- und Hilfskr\u00e4ften ist eine unserer zentralen Dienstleistungen.<br data-start=\"488\" data-end=\"491\" \/>Als erfahrene Personalagentur bringen wir Unternehmen und qualifizierte Kandidat:innen aus ganz Europa erfolgreich zusammen \u2013 schnell, zuverl\u00e4ssig und passgenau.<\/p>\n<p data-start=\"654\" data-end=\"954\">Jede Branche hat ihre eigenen Anforderungen. Deshalb legen wir gro\u00dfen Wert auf eine individuelle Betreuung, transparente Kommunikation und eine sorgf\u00e4ltige Auswahl der Bewerber:innen.<br data-start=\"837\" data-end=\"840\" \/>Unsere Aufgabe ist es, den gesamten Vermittlungsprozess f\u00fcr Sie so einfach und effizient wie m\u00f6glich zu gestalten.<\/p>\n<p data-start=\"956\" data-end=\"996\"><strong data-start=\"956\" data-end=\"996\">Ihre Vorteile mit SVERA Personal OG:<\/strong><\/p>\n<ul data-start=\"997\" data-end=\"1303\">\n<li data-start=\"997\" data-end=\"1051\">\n<p data-start=\"999\" data-end=\"1051\">Gro\u00dfe Auswahl gepr\u00fcfter und motivierter Fachkr\u00e4fte<\/p>\n<\/li>\n<li data-start=\"1052\" data-end=\"1102\">\n<p data-start=\"1054\" data-end=\"1102\">Pers\u00f6nliche Beratung und individuelle L\u00f6sungen<\/p>\n<\/li>\n<li data-start=\"1103\" data-end=\"1196\">\n<p data-start=\"1105\" data-end=\"1196\">Unterst\u00fctzung bei allen administrativen Schritten (Dokumente, Arbeitsbewilligungen, etc.)<\/p>\n<\/li>\n<li data-start=\"1197\" data-end=\"1252\">\n<p data-start=\"1199\" data-end=\"1252\">Zeit- und Kostenersparnis durch gezielte Vorauswahl<\/p>\n<\/li>\n<li data-start=\"1253\" data-end=\"1303\">\n<p data-start=\"1255\" data-end=\"1303\">Transparente Prozesse und dauerhafte Betreuung<\/p>\n<\/li>\n<\/ul>\n<p data-start=\"1305\" data-end=\"1536\">Wir vermitteln qualifizierte Mitarbeiter:innen in verschiedenen Branchen, darunter:<br data-start=\"1388\" data-end=\"1391\" \/><strong data-start=\"1391\" data-end=\"1536\">Gesundheitswesen, Gastronomie, Produktion, Logistik, Elektrotechnik, Metallindustrie, Handwerk &amp; Technik, Informationstechnologie und Handel.<\/strong><\/p>\n<p data-start=\"1538\" data-end=\"1689\">Ob kurzfristige Unterst\u00fctzung oder langfristige Besetzung \u2013<br data-start=\"1597\" data-end=\"1600\" \/>mit <strong data-start=\"1604\" data-end=\"1625\">SVERA Personal OG<\/strong> finden Sie die richtigen Mitarbeiter:innen f\u00fcr Ihr Unternehmen.<\/p>\n<p>[\/vc_column_text][vc_empty_space height=&#8221;20px&#8221;][vc_empty_space height=&#8221;20px&#8221;][vc_empty_space height=&#8221;35px&#8221;][\/vc_column][vc_column width=&#8221;1\/2&#8243;][vc_column_text css_animation=&#8221;none&#8221; css=&#8221;&#8221;]<img loading=\"lazy\" decoding=\"async\" class=\"alignnone size-full wp-image-32596\" src=\"https:\/\/svera.at\/industrie\/wp-content\/uploads\/2025\/10\/produktion.jpg\" alt=\"\" width=\"500\" height=\"500\" srcset=\"https:\/\/svera.at\/industrie\/wp-content\/uploads\/2025\/10\/produktion.jpg 500w, https:\/\/svera.at\/industrie\/wp-content\/uploads\/2025\/10\/produktion-300x300.jpg 300w, https:\/\/svera.at\/industrie\/wp-content\/uploads\/2025\/10\/produktion-150x150.jpg 150w, https:\/\/svera.at\/industrie\/wp-content\/uploads\/2025\/10\/produktion-100x100.jpg 100w, https:\/\/svera.at\/industrie\/wp-content\/uploads\/2025\/10\/produktion-200x200.jpg 200w, https:\/\/svera.at\/industrie\/wp-content\/uploads\/2025\/10\/produktion-360x360.jpg 360w, https:\/\/svera.at\/industrie\/wp-content\/uploads\/2025\/10\/produktion-41x41.jpg 41w, https:\/\/svera.at\/industrie\/wp-content\/uploads\/2025\/10\/produktion-60x60.jpg 60w, https:\/\/svera.at\/industrie\/wp-content\/uploads\/2025\/10\/produktion-90x90.jpg 90w, https:\/\/svera.at\/industrie\/wp-content\/uploads\/2025\/10\/produktion-54x54.jpg 54w\" sizes=\"auto, (max-width: 500px) 100vw, 500px\" \/>[\/vc_column_text][\/vc_column][\/vc_row][vc_row][vc_column][vc_row_inner css=&#8221;.vc_custom_1559288987475{margin-bottom: 0px !important;}&#8221; el_class=&#8221;float-left&#8221;][vc_column_inner width=&#8221;9\/12&#8243;]<div class=\"title-subtile-holder  animateIn text_left\" data-animate=\"no_animation\"><h1 style=\"color: #252525;\" class=\"section-title custom_color\">Haben Sie Fragen?<\/h1><div style=\"color: #808080;\" class=\"section-subtitle custom_color\">Bei Fragen oder weiteren Informationen stehen wir Ihnen gerne zur Verf\u00fcgung.<\/div><div style=\"background-color: #ffffff;\" class=\"section-separator custom_color\"><\/div><\/div>[\/vc_column_inner][vc_column_inner width=&#8221;3\/12&#8243;][vc_empty_space height=&#8221;10px&#8221;]<style type=\"text\/css\">\n                .modeltheme_button .btn_custom_69e7560b91254 {\n                    background: #454F58 !important;\n                }\n                .modeltheme_button .btn_custom_69e7560b91254:hover {                   \n                    color:  !important;                     \n                }\n                .modeltheme_button .btn_custom_69e7560b91254:before {\n                    background: #95999C !important;\n                }\n                .modeltheme_button .btn_custom_69e7560b91254:hover:before {\n                    background: #95999C !important;\n                }\n              <\/style><div class=\"text-center modeltheme_button wow no_animation\"><a href=\"https:\/\/svera.at\/industrie\/kontakt\/\" class=\"button-winona btn btn-sm btn_custom_69e7560b91254\" style=\"color:rgba(255,255,255,0.99)\">KONTAKT<\/a><\/div>[\/vc_column_inner][\/vc_row_inner][\/vc_column][\/vc_row]<\/p>\n<\/div>","protected":false},"excerpt":{"rendered":"<p>[vc_row][vc_column width=&#8221;1\/2&#8243;][vc_custom_heading text=&#8221;Vermittlung&#8221; font_container=&#8221;tag:h2|font_size:36px|text_align:left|color:%23151515|line_height:36px&#8221; use_theme_fonts=&#8221;yes&#8221; css_animation=&#8221;none&#8221; css=&#8221;&#8221;][vc_empty_space height=&#8221;20px&#8221;][vc_column_text css_animation=&#8221;none&#8221; css=&#8221;&#8221;] Die direkte Vermittlung von Fach- und Hilfskr\u00e4ften ist eine unserer zentralen Dienstleistungen.Als erfahrene Personalagentur bringen wir [&hellip;]<\/p>\n","protected":false},"author":2,"featured_media":0,"parent":0,"menu_order":0,"comment_status":"closed","ping_status":"closed","template":"","meta":{"footnotes":""},"class_list":["post-31209","page","type-page","status-publish","hentry"],"yoast_head":"<!-- This site is optimized with the Yoast SEO plugin v26.0 - https:\/\/yoast.com\/wordpress\/plugins\/seo\/ -->\n<title>Vermittlung - SVERA<\/title>\n<meta name=\"robots\" content=\"index, follow, max-snippet:-1, max-image-preview:large, max-video-preview:-1\" \/>\n<link rel=\"canonical\" href=\"https:\/\/svera.at\/industrie\/vermittlung\/\" \/>\n<meta property=\"og:locale\" content=\"en_US\" \/>\n<meta property=\"og:type\" content=\"article\" \/>\n<meta property=\"og:title\" content=\"Vermittlung - SVERA\" \/>\n<meta property=\"og:description\" content=\"[vc_row][vc_column width=&#8221;1\/2&#8243;][vc_custom_heading text=&#8221;Vermittlung&#8221; font_container=&#8221;tag:h2|font_size:36px|text_align:left|color:%23151515|line_height:36px&#8221; use_theme_fonts=&#8221;yes&#8221; css_animation=&#8221;none&#8221; css=&#8221;&#8221;][vc_empty_space height=&#8221;20px&#8221;][vc_column_text css_animation=&#8221;none&#8221; css=&#8221;&#8221;] Die direkte Vermittlung von Fach- und Hilfskr\u00e4ften ist eine unserer zentralen Dienstleistungen.Als erfahrene Personalagentur bringen wir [&hellip;]\" \/>\n<meta property=\"og:url\" content=\"https:\/\/svera.at\/industrie\/vermittlung\/\" \/>\n<meta property=\"og:site_name\" content=\"SVERA\" \/>\n<meta property=\"article:publisher\" content=\"https:\/\/www.facebook.com\/profile.php?id=100083288035481\" \/>\n<meta property=\"article:modified_time\" content=\"2025-10-26T17:20:07+00:00\" \/>\n<meta property=\"og:image\" content=\"https:\/\/svera.at\/industrie\/wp-content\/uploads\/2025\/10\/produktion.jpg\" \/>\n\t<meta property=\"og:image:width\" content=\"500\" \/>\n\t<meta property=\"og:image:height\" content=\"500\" \/>\n\t<meta property=\"og:image:type\" content=\"image\/jpeg\" \/>\n<meta name=\"twitter:card\" content=\"summary_large_image\" \/>\n<meta name=\"twitter:label1\" content=\"Est. reading time\" \/>\n\t<meta name=\"twitter:data1\" content=\"1 minute\" \/>\n<script type=\"application\/ld+json\" class=\"yoast-schema-graph\">{\"@context\":\"https:\/\/schema.org\",\"@graph\":[{\"@type\":\"WebPage\",\"@id\":\"https:\/\/svera.at\/industrie\/vermittlung\/\",\"url\":\"https:\/\/svera.at\/industrie\/vermittlung\/\",\"name\":\"Vermittlung - SVERA\",\"isPartOf\":{\"@id\":\"https:\/\/svera.at\/industrie\/#website\"},\"primaryImageOfPage\":{\"@id\":\"https:\/\/svera.at\/industrie\/vermittlung\/#primaryimage\"},\"image\":{\"@id\":\"https:\/\/svera.at\/industrie\/vermittlung\/#primaryimage\"},\"thumbnailUrl\":\"https:\/\/svera.at\/industrie\/wp-content\/uploads\/2025\/10\/produktion.jpg\",\"datePublished\":\"2025-02-27T10:46:56+00:00\",\"dateModified\":\"2025-10-26T17:20:07+00:00\",\"breadcrumb\":{\"@id\":\"https:\/\/svera.at\/industrie\/vermittlung\/#breadcrumb\"},\"inLanguage\":\"en-US\",\"potentialAction\":[{\"@type\":\"ReadAction\",\"target\":[\"https:\/\/svera.at\/industrie\/vermittlung\/\"]}]},{\"@type\":\"ImageObject\",\"inLanguage\":\"en-US\",\"@id\":\"https:\/\/svera.at\/industrie\/vermittlung\/#primaryimage\",\"url\":\"https:\/\/svera.at\/industrie\/wp-content\/uploads\/2025\/10\/produktion.jpg\",\"contentUrl\":\"https:\/\/svera.at\/industrie\/wp-content\/uploads\/2025\/10\/produktion.jpg\",\"width\":500,\"height\":500},{\"@type\":\"BreadcrumbList\",\"@id\":\"https:\/\/svera.at\/industrie\/vermittlung\/#breadcrumb\",\"itemListElement\":[{\"@type\":\"ListItem\",\"position\":1,\"name\":\"Home\",\"item\":\"https:\/\/svera.at\/industrie\/\"},{\"@type\":\"ListItem\",\"position\":2,\"name\":\"Vermittlung\"}]},{\"@type\":\"WebSite\",\"@id\":\"https:\/\/svera.at\/industrie\/#website\",\"url\":\"https:\/\/svera.at\/industrie\/\",\"name\":\"SVERA\",\"description\":\"SVERA Pesonal OG\",\"publisher\":{\"@id\":\"https:\/\/svera.at\/industrie\/#organization\"},\"potentialAction\":[{\"@type\":\"SearchAction\",\"target\":{\"@type\":\"EntryPoint\",\"urlTemplate\":\"https:\/\/svera.at\/industrie\/?s={search_term_string}\"},\"query-input\":{\"@type\":\"PropertyValueSpecification\",\"valueRequired\":true,\"valueName\":\"search_term_string\"}}],\"inLanguage\":\"en-US\"},{\"@type\":\"Organization\",\"@id\":\"https:\/\/svera.at\/industrie\/#organization\",\"name\":\"SVERA\",\"url\":\"https:\/\/svera.at\/industrie\/\",\"logo\":{\"@type\":\"ImageObject\",\"inLanguage\":\"en-US\",\"@id\":\"https:\/\/svera.at\/industrie\/#\/schema\/logo\/image\/\",\"url\":\"https:\/\/svera.at\/industrie\/wp-content\/uploads\/2025\/02\/LOGO-SVERA-NOVI_spletna-stran-1.png\",\"contentUrl\":\"https:\/\/svera.at\/industrie\/wp-content\/uploads\/2025\/02\/LOGO-SVERA-NOVI_spletna-stran-1.png\",\"width\":1563,\"height\":1563,\"caption\":\"SVERA\"},\"image\":{\"@id\":\"https:\/\/svera.at\/industrie\/#\/schema\/logo\/image\/\"},\"sameAs\":[\"https:\/\/www.facebook.com\/profile.php?id=100083288035481\",\"https:\/\/www.linkedin.com\/company\/svera-personal-og\/?viewAsMember=true\",\"https:\/\/www.instagram.com\/sverapersonal\/\"]}]}<\/script>\n<!-- \/ Yoast SEO plugin. -->","yoast_head_json":{"title":"Vermittlung - SVERA","robots":{"index":"index","follow":"follow","max-snippet":"max-snippet:-1","max-image-preview":"max-image-preview:large","max-video-preview":"max-video-preview:-1"},"canonical":"https:\/\/svera.at\/industrie\/vermittlung\/","og_locale":"en_US","og_type":"article","og_title":"Vermittlung - SVERA","og_description":"[vc_row][vc_column width=&#8221;1\/2&#8243;][vc_custom_heading text=&#8221;Vermittlung&#8221; font_container=&#8221;tag:h2|font_size:36px|text_align:left|color:%23151515|line_height:36px&#8221; use_theme_fonts=&#8221;yes&#8221; css_animation=&#8221;none&#8221; css=&#8221;&#8221;][vc_empty_space height=&#8221;20px&#8221;][vc_column_text css_animation=&#8221;none&#8221; css=&#8221;&#8221;] Die direkte Vermittlung von Fach- und Hilfskr\u00e4ften ist eine unserer zentralen Dienstleistungen.Als erfahrene Personalagentur bringen wir [&hellip;]","og_url":"https:\/\/svera.at\/industrie\/vermittlung\/","og_site_name":"SVERA","article_publisher":"https:\/\/www.facebook.com\/profile.php?id=100083288035481","article_modified_time":"2025-10-26T17:20:07+00:00","og_image":[{"width":500,"height":500,"url":"https:\/\/svera.at\/industrie\/wp-content\/uploads\/2025\/10\/produktion.jpg","type":"image\/jpeg"}],"twitter_card":"summary_large_image","twitter_misc":{"Est. reading time":"1 minute"},"schema":{"@context":"https:\/\/schema.org","@graph":[{"@type":"WebPage","@id":"https:\/\/svera.at\/industrie\/vermittlung\/","url":"https:\/\/svera.at\/industrie\/vermittlung\/","name":"Vermittlung - SVERA","isPartOf":{"@id":"https:\/\/svera.at\/industrie\/#website"},"primaryImageOfPage":{"@id":"https:\/\/svera.at\/industrie\/vermittlung\/#primaryimage"},"image":{"@id":"https:\/\/svera.at\/industrie\/vermittlung\/#primaryimage"},"thumbnailUrl":"https:\/\/svera.at\/industrie\/wp-content\/uploads\/2025\/10\/produktion.jpg","datePublished":"2025-02-27T10:46:56+00:00","dateModified":"2025-10-26T17:20:07+00:00","breadcrumb":{"@id":"https:\/\/svera.at\/industrie\/vermittlung\/#breadcrumb"},"inLanguage":"en-US","potentialAction":[{"@type":"ReadAction","target":["https:\/\/svera.at\/industrie\/vermittlung\/"]}]},{"@type":"ImageObject","inLanguage":"en-US","@id":"https:\/\/svera.at\/industrie\/vermittlung\/#primaryimage","url":"https:\/\/svera.at\/industrie\/wp-content\/uploads\/2025\/10\/produktion.jpg","contentUrl":"https:\/\/svera.at\/industrie\/wp-content\/uploads\/2025\/10\/produktion.jpg","width":500,"height":500},{"@type":"BreadcrumbList","@id":"https:\/\/svera.at\/industrie\/vermittlung\/#breadcrumb","itemListElement":[{"@type":"ListItem","position":1,"name":"Home","item":"https:\/\/svera.at\/industrie\/"},{"@type":"ListItem","position":2,"name":"Vermittlung"}]},{"@type":"WebSite","@id":"https:\/\/svera.at\/industrie\/#website","url":"https:\/\/svera.at\/industrie\/","name":"SVERA","description":"SVERA Pesonal OG","publisher":{"@id":"https:\/\/svera.at\/industrie\/#organization"},"potentialAction":[{"@type":"SearchAction","target":{"@type":"EntryPoint","urlTemplate":"https:\/\/svera.at\/industrie\/?s={search_term_string}"},"query-input":{"@type":"PropertyValueSpecification","valueRequired":true,"valueName":"search_term_string"}}],"inLanguage":"en-US"},{"@type":"Organization","@id":"https:\/\/svera.at\/industrie\/#organization","name":"SVERA","url":"https:\/\/svera.at\/industrie\/","logo":{"@type":"ImageObject","inLanguage":"en-US","@id":"https:\/\/svera.at\/industrie\/#\/schema\/logo\/image\/","url":"https:\/\/svera.at\/industrie\/wp-content\/uploads\/2025\/02\/LOGO-SVERA-NOVI_spletna-stran-1.png","contentUrl":"https:\/\/svera.at\/industrie\/wp-content\/uploads\/2025\/02\/LOGO-SVERA-NOVI_spletna-stran-1.png","width":1563,"height":1563,"caption":"SVERA"},"image":{"@id":"https:\/\/svera.at\/industrie\/#\/schema\/logo\/image\/"},"sameAs":["https:\/\/www.facebook.com\/profile.php?id=100083288035481","https:\/\/www.linkedin.com\/company\/svera-personal-og\/?viewAsMember=true","https:\/\/www.instagram.com\/sverapersonal\/"]}]}},"_links":{"self":[{"href":"https:\/\/svera.at\/industrie\/wp-json\/wp\/v2\/pages\/31209","targetHints":{"allow":["GET"]}}],"collection":[{"href":"https:\/\/svera.at\/industrie\/wp-json\/wp\/v2\/pages"}],"about":[{"href":"https:\/\/svera.at\/industrie\/wp-json\/wp\/v2\/types\/page"}],"author":[{"embeddable":true,"href":"https:\/\/svera.at\/industrie\/wp-json\/wp\/v2\/users\/2"}],"replies":[{"embeddable":true,"href":"https:\/\/svera.at\/industrie\/wp-json\/wp\/v2\/comments?post=31209"}],"version-history":[{"count":6,"href":"https:\/\/svera.at\/industrie\/wp-json\/wp\/v2\/pages\/31209\/revisions"}],"predecessor-version":[{"id":32802,"href":"https:\/\/svera.at\/industrie\/wp-json\/wp\/v2\/pages\/31209\/revisions\/32802"}],"wp:attachment":[{"href":"https:\/\/svera.at\/industrie\/wp-json\/wp\/v2\/media?parent=31209"}],"curies":[{"name":"wp","href":"https:\/\/api.w.org\/{rel}","templated":true}]}}