{"id":32766,"date":"2025-10-26T17:42:08","date_gmt":"2025-10-26T16:42:08","guid":{"rendered":"https:\/\/svera.at\/industrie\/?page_id=32766"},"modified":"2025-10-26T17:45:13","modified_gmt":"2025-10-26T16:45:13","slug":"handwerkliche-und-technische-berufe-2","status":"publish","type":"page","link":"https:\/\/svera.at\/industrie\/handwerkliche-und-technische-berufe-2\/","title":{"rendered":"Handwerkliche und technische Berufe"},"content":{"rendered":"<div class=\"wpb-content-wrapper\"><p>[vc_row][vc_column][vc_custom_heading text=&#8221;HANDWERK UND TECHNIK&#8221; font_container=&#8221;tag:h5|font_size:30|text_align:left|color:%232AB009&#8243; use_theme_fonts=&#8221;yes&#8221; css=&#8221;&#8221;][vc_empty_space]<div class=\"title-subtile-holder  animateIn text_left\" data-animate=\"no_animation\"><h1 style=\"\" class=\"section-title dark_title\"><\/h1><div style=\"\" class=\"section-subtitle dark_subtitle\">Die technische und handwerkliche Branche bildet das R\u00fcckgrat der \u00f6sterreichischen Wirtschaft. Fachkr\u00e4fte aus diesen Bereichen sorgen tagt\u00e4glich daf\u00fcr, dass Maschinen laufen, Geb\u00e4ude entstehen und moderne Technologien zuverl\u00e4ssig funktionieren. Von der klassischen Elektrotechnik \u00fcber den Maschinenbau bis hin zur modernen Automatisierung \u2013 technisches Know-how ist \u00fcberall gefragt.<\/div><div style=\"background-color: #81D742;\" class=\"section-separator custom_color\"><\/div><\/div>[\/vc_column][\/vc_row][vc_row full_width=&#8221;stretch_row&#8221; css=&#8221;.vc_custom_1761485131733{background-image: url(https:\/\/svera.at\/industrie\/wp-content\/uploads\/2025\/02\/background-svera.jpg?id=32165) !important;}&#8221;][vc_column][vc_empty_space][vc_empty_space][vc_row_inner css=&#8221;.vc_custom_1559288987475{margin-bottom: 0px !important;}&#8221; el_class=&#8221;float-left&#8221;][vc_column_inner]<div class=\"title-subtile-holder  animateIn text_center\" data-animate=\"pulse\"><h1 style=\"color: #FFFFFF;\" class=\"section-title custom_color\">Bewirb dich jetzt!<\/h1><div style=\"color: #808080;\" class=\"section-subtitle custom_color\"><\/div><div style=\"background-color: #ffffff;\" class=\"section-separator custom_color\"><\/div><\/div>[vc_empty_space height=&#8221;10px&#8221;]<style type=\"text\/css\">\n                .modeltheme_button .btn_custom_69e4ee68405de {\n                    background: #454F58 !important;\n                }\n                .modeltheme_button .btn_custom_69e4ee68405de:hover {                   \n                    color:  !important;                     \n                }\n                .modeltheme_button .btn_custom_69e4ee68405de:before {\n                    background: #95999C !important;\n                }\n                .modeltheme_button .btn_custom_69e4ee68405de:hover:before {\n                    background: #95999C !important;\n                }\n              <\/style><div class=\"text-center modeltheme_button wow no_animation\"><a href=\"https:\/\/svera.at\/industrie\/bewerbung\/\" class=\"button-winona btn btn-sm btn_custom_69e4ee68405de\" style=\"color:rgba(255,255,255,0.99)\">BEWERBUNG<\/a><\/div>[\/vc_column_inner][\/vc_row_inner][vc_empty_space][vc_empty_space][\/vc_column][\/vc_row][vc_row][vc_column][vc_empty_space][vc_custom_heading text=&#8221;Handwerkliche und technische Berufe&#8221; font_container=&#8221;tag:h5|font_size:25|text_align:left|color:%23454F58&#8243; use_theme_fonts=&#8221;yes&#8221; css_animation=&#8221;fadeInLeft&#8221; css=&#8221;.vc_custom_1761496866194{padding-left: 50px !important;}&#8221;][\/vc_column][\/vc_row][vc_row][vc_column width=&#8221;1\/2&#8243;][vc_hoverbox image=&#8221;32569&#8243; primary_title=&#8221;&#8221; primary_align=&#8221;left&#8221; hover_title=&#8221;Elektrotechnik &amp; Elektronik&#8221; css_animation=&#8221;fadeIn&#8221;]<strong data-start=\"739\" data-end=\"770\">Elektrotechnik &amp; Elektronik<\/strong><br data-start=\"770\" data-end=\"773\" \/>\u2192 Elektrotechniker:in, Elektriker\/innen,\u00a0 Elektroinstallateur:in , Anlagenmonteur:in, Betriebselektriker:in, Automatisierungstechniker:in, Industrieelektriker\/innen,..[\/vc_hoverbox][vc_empty_space][vc_hoverbox image=&#8221;32587&#8243; primary_title=&#8221;&#8221; primary_align=&#8221;left&#8221; hover_title=&#8221;Bau- &amp; Geb\u00e4udetechnik&#8221; css_animation=&#8221;fadeIn&#8221;]\u2192 Installateur:in, Heizungs- und Klimatechniker:in, Bautechniker:in, Zimmerer:in, Maler:in \u2026[\/vc_hoverbox][vc_empty_space][vc_hoverbox image=&#8221;32592&#8243; primary_title=&#8221;&#8221; primary_align=&#8221;left&#8221; hover_title=&#8221;Fahrzeugtechnik &amp; Maschinenwartung&#8221; css_animation=&#8221;fadeIn&#8221;]\u2192 KFZ-Mechaniker\/innen, Spengler\/innen, Karosseure\/innen, LKW-Mechaniker\/innen,&#8230;[\/vc_hoverbox][vc_empty_space][\/vc_column][vc_column width=&#8221;1\/2&#8243;][vc_hoverbox image=&#8221;32418&#8243; primary_title=&#8221;&#8221; primary_align=&#8221;left&#8221; hover_title=&#8221;Metallindustrie &amp; Metalltechnik&#8221; css_animation=&#8221;fadeIn&#8221;]<\/p>\n<p data-start=\"909\" data-end=\"963\"><br data-start=\"637\" data-end=\"640\" \/>\u2192 Schwei\u00dfer:in, Schlosser:in, CNC-Dreher:in, Maschinenbautechniker:in, Mechatroniker:in \u2026<\/p>\n<p>[\/vc_hoverbox][vc_empty_space][vc_hoverbox image=&#8221;32589&#8243; primary_title=&#8221;&#8221; primary_align=&#8221;left&#8221; hover_title=&#8221;Holz- und Kunststofftechnik&#8221; css_animation=&#8221;fadeIn&#8221;]\u2192 Tischler:in, Holzbautechniker:in, Kunststoffformgeber:in \u2026[\/vc_hoverbox][vc_empty_space][\/vc_column][\/vc_row][vc_row][vc_column][vc_row_inner css=&#8221;.vc_custom_1559288987475{margin-bottom: 0px !important;}&#8221; el_class=&#8221;float-left&#8221;][vc_column_inner width=&#8221;9\/12&#8243;]<div class=\"title-subtile-holder  animateIn text_left\" data-animate=\"no_animation\"><h1 style=\"color: #252525;\" class=\"section-title custom_color\">Haben Sie Fragen?<\/h1><div style=\"color: #808080;\" class=\"section-subtitle custom_color\">Bei Fragen oder weiteren Informationen stehen wir Ihnen gerne zur Verf\u00fcgung.<\/div><div style=\"background-color: #ffffff;\" class=\"section-separator custom_color\"><\/div><\/div>[\/vc_column_inner][vc_column_inner width=&#8221;3\/12&#8243;][vc_empty_space height=&#8221;10px&#8221;]<style type=\"text\/css\">\n                .modeltheme_button .btn_custom_69e4ee6840624 {\n                    background: #454F58 !important;\n                }\n                .modeltheme_button .btn_custom_69e4ee6840624:hover {                   \n                    color:  !important;                     \n                }\n                .modeltheme_button .btn_custom_69e4ee6840624:before {\n                    background: #95999C !important;\n                }\n                .modeltheme_button .btn_custom_69e4ee6840624:hover:before {\n                    background: #95999C !important;\n                }\n              <\/style><div class=\"text-center modeltheme_button wow no_animation\"><a href=\"https:\/\/svera.at\/industrie\/kontakt\/\" class=\"button-winona btn btn-sm btn_custom_69e4ee6840624\" style=\"color:rgba(255,255,255,0.99)\">KONTAKT<\/a><\/div>[\/vc_column_inner][\/vc_row_inner][\/vc_column][\/vc_row]<\/p>\n<\/div>","protected":false},"excerpt":{"rendered":"<p>[vc_row][vc_column][vc_custom_heading text=&#8221;HANDWERK UND TECHNIK&#8221; font_container=&#8221;tag:h5|font_size:30|text_align:left|color:%232AB009&#8243; use_theme_fonts=&#8221;yes&#8221; css=&#8221;&#8221;][vc_empty_space][\/vc_column][\/vc_row][vc_row full_width=&#8221;stretch_row&#8221; css=&#8221;.vc_custom_1761485131733{background-image: url(https:\/\/svera.at\/industrie\/wp-content\/uploads\/2025\/02\/background-svera.jpg?id=32165) !important;}&#8221;][vc_column][vc_empty_space][vc_empty_space][vc_row_inner css=&#8221;.vc_custom_1559288987475{margin-bottom: 0px !important;}&#8221; el_class=&#8221;float-left&#8221;][vc_column_inner][vc_empty_space height=&#8221;10px&#8221;][\/vc_column_inner][\/vc_row_inner][vc_empty_space][vc_empty_space][\/vc_column][\/vc_row][vc_row][vc_column][vc_empty_space][vc_custom_heading text=&#8221;Handwerkliche und technische Berufe&#8221; font_container=&#8221;tag:h5|font_size:25|text_align:left|color:%23454F58&#8243; use_theme_fonts=&#8221;yes&#8221; css_animation=&#8221;fadeInLeft&#8221; css=&#8221;.vc_custom_1761496866194{padding-left: 50px !important;}&#8221;][\/vc_column][\/vc_row][vc_row][vc_column [&hellip;]<\/p>\n","protected":false},"author":2,"featured_media":0,"parent":0,"menu_order":0,"comment_status":"closed","ping_status":"closed","template":"","meta":{"footnotes":""},"class_list":["post-32766","page","type-page","status-publish","hentry"],"yoast_head":"<!-- This site is optimized with the Yoast SEO plugin v26.0 - https:\/\/yoast.com\/wordpress\/plugins\/seo\/ -->\n<title>Handwerkliche und technische Berufe - SVERA<\/title>\n<meta name=\"robots\" content=\"index, follow, max-snippet:-1, max-image-preview:large, max-video-preview:-1\" \/>\n<link rel=\"canonical\" href=\"https:\/\/svera.at\/industrie\/handwerkliche-und-technische-berufe-2\/\" \/>\n<meta property=\"og:locale\" content=\"en_US\" \/>\n<meta property=\"og:type\" content=\"article\" \/>\n<meta property=\"og:title\" content=\"Handwerkliche und technische Berufe - SVERA\" \/>\n<meta property=\"og:description\" content=\"[vc_row][vc_column][vc_custom_heading text=&#8221;HANDWERK UND TECHNIK&#8221; font_container=&#8221;tag:h5|font_size:30|text_align:left|color:%232AB009&#8243; use_theme_fonts=&#8221;yes&#8221; css=&#8221;&#8221;][vc_empty_space][\/vc_column][\/vc_row][vc_row full_width=&#8221;stretch_row&#8221; css=&#8221;.vc_custom_1761485131733{background-image: url(https:\/\/svera.at\/industrie\/wp-content\/uploads\/2025\/02\/background-svera.jpg?id=32165) !important;}&#8221;][vc_column][vc_empty_space][vc_empty_space][vc_row_inner css=&#8221;.vc_custom_1559288987475{margin-bottom: 0px !important;}&#8221; el_class=&#8221;float-left&#8221;][vc_column_inner][vc_empty_space height=&#8221;10px&#8221;][\/vc_column_inner][\/vc_row_inner][vc_empty_space][vc_empty_space][\/vc_column][\/vc_row][vc_row][vc_column][vc_empty_space][vc_custom_heading text=&#8221;Handwerkliche und technische Berufe&#8221; font_container=&#8221;tag:h5|font_size:25|text_align:left|color:%23454F58&#8243; use_theme_fonts=&#8221;yes&#8221; css_animation=&#8221;fadeInLeft&#8221; css=&#8221;.vc_custom_1761496866194{padding-left: 50px !important;}&#8221;][\/vc_column][\/vc_row][vc_row][vc_column [&hellip;]\" \/>\n<meta property=\"og:url\" content=\"https:\/\/svera.at\/industrie\/handwerkliche-und-technische-berufe-2\/\" \/>\n<meta property=\"og:site_name\" content=\"SVERA\" \/>\n<meta property=\"article:publisher\" content=\"https:\/\/www.facebook.com\/profile.php?id=100083288035481\" \/>\n<meta property=\"article:modified_time\" content=\"2025-10-26T16:45:13+00:00\" \/>\n<meta property=\"og:image\" content=\"https:\/\/svera.at\/industrie\/wp-content\/uploads\/2025\/02\/LOGO-SVERA-NOVI_spletna-stran-1.png\" \/>\n\t<meta property=\"og:image:width\" content=\"1563\" \/>\n\t<meta property=\"og:image:height\" content=\"1563\" \/>\n\t<meta property=\"og:image:type\" content=\"image\/png\" \/>\n<meta name=\"twitter:card\" content=\"summary_large_image\" \/>\n<meta name=\"twitter:label1\" content=\"Est. reading time\" \/>\n\t<meta name=\"twitter:data1\" content=\"1 minute\" \/>\n<script type=\"application\/ld+json\" class=\"yoast-schema-graph\">{\"@context\":\"https:\/\/schema.org\",\"@graph\":[{\"@type\":\"WebPage\",\"@id\":\"https:\/\/svera.at\/industrie\/handwerkliche-und-technische-berufe-2\/\",\"url\":\"https:\/\/svera.at\/industrie\/handwerkliche-und-technische-berufe-2\/\",\"name\":\"Handwerkliche und technische Berufe - SVERA\",\"isPartOf\":{\"@id\":\"https:\/\/svera.at\/industrie\/#website\"},\"datePublished\":\"2025-10-26T16:42:08+00:00\",\"dateModified\":\"2025-10-26T16:45:13+00:00\",\"breadcrumb\":{\"@id\":\"https:\/\/svera.at\/industrie\/handwerkliche-und-technische-berufe-2\/#breadcrumb\"},\"inLanguage\":\"en-US\",\"potentialAction\":[{\"@type\":\"ReadAction\",\"target\":[\"https:\/\/svera.at\/industrie\/handwerkliche-und-technische-berufe-2\/\"]}]},{\"@type\":\"BreadcrumbList\",\"@id\":\"https:\/\/svera.at\/industrie\/handwerkliche-und-technische-berufe-2\/#breadcrumb\",\"itemListElement\":[{\"@type\":\"ListItem\",\"position\":1,\"name\":\"Home\",\"item\":\"https:\/\/svera.at\/industrie\/\"},{\"@type\":\"ListItem\",\"position\":2,\"name\":\"Handwerkliche und technische Berufe\"}]},{\"@type\":\"WebSite\",\"@id\":\"https:\/\/svera.at\/industrie\/#website\",\"url\":\"https:\/\/svera.at\/industrie\/\",\"name\":\"SVERA\",\"description\":\"SVERA Pesonal OG\",\"publisher\":{\"@id\":\"https:\/\/svera.at\/industrie\/#organization\"},\"potentialAction\":[{\"@type\":\"SearchAction\",\"target\":{\"@type\":\"EntryPoint\",\"urlTemplate\":\"https:\/\/svera.at\/industrie\/?s={search_term_string}\"},\"query-input\":{\"@type\":\"PropertyValueSpecification\",\"valueRequired\":true,\"valueName\":\"search_term_string\"}}],\"inLanguage\":\"en-US\"},{\"@type\":\"Organization\",\"@id\":\"https:\/\/svera.at\/industrie\/#organization\",\"name\":\"SVERA\",\"url\":\"https:\/\/svera.at\/industrie\/\",\"logo\":{\"@type\":\"ImageObject\",\"inLanguage\":\"en-US\",\"@id\":\"https:\/\/svera.at\/industrie\/#\/schema\/logo\/image\/\",\"url\":\"https:\/\/svera.at\/industrie\/wp-content\/uploads\/2025\/02\/LOGO-SVERA-NOVI_spletna-stran-1.png\",\"contentUrl\":\"https:\/\/svera.at\/industrie\/wp-content\/uploads\/2025\/02\/LOGO-SVERA-NOVI_spletna-stran-1.png\",\"width\":1563,\"height\":1563,\"caption\":\"SVERA\"},\"image\":{\"@id\":\"https:\/\/svera.at\/industrie\/#\/schema\/logo\/image\/\"},\"sameAs\":[\"https:\/\/www.facebook.com\/profile.php?id=100083288035481\",\"https:\/\/www.linkedin.com\/company\/svera-personal-og\/?viewAsMember=true\",\"https:\/\/www.instagram.com\/sverapersonal\/\"]}]}<\/script>\n<!-- \/ Yoast SEO plugin. -->","yoast_head_json":{"title":"Handwerkliche und technische Berufe - SVERA","robots":{"index":"index","follow":"follow","max-snippet":"max-snippet:-1","max-image-preview":"max-image-preview:large","max-video-preview":"max-video-preview:-1"},"canonical":"https:\/\/svera.at\/industrie\/handwerkliche-und-technische-berufe-2\/","og_locale":"en_US","og_type":"article","og_title":"Handwerkliche und technische Berufe - SVERA","og_description":"[vc_row][vc_column][vc_custom_heading text=&#8221;HANDWERK UND TECHNIK&#8221; font_container=&#8221;tag:h5|font_size:30|text_align:left|color:%232AB009&#8243; use_theme_fonts=&#8221;yes&#8221; css=&#8221;&#8221;][vc_empty_space][\/vc_column][\/vc_row][vc_row full_width=&#8221;stretch_row&#8221; css=&#8221;.vc_custom_1761485131733{background-image: url(https:\/\/svera.at\/industrie\/wp-content\/uploads\/2025\/02\/background-svera.jpg?id=32165) !important;}&#8221;][vc_column][vc_empty_space][vc_empty_space][vc_row_inner css=&#8221;.vc_custom_1559288987475{margin-bottom: 0px !important;}&#8221; el_class=&#8221;float-left&#8221;][vc_column_inner][vc_empty_space height=&#8221;10px&#8221;][\/vc_column_inner][\/vc_row_inner][vc_empty_space][vc_empty_space][\/vc_column][\/vc_row][vc_row][vc_column][vc_empty_space][vc_custom_heading text=&#8221;Handwerkliche und technische Berufe&#8221; font_container=&#8221;tag:h5|font_size:25|text_align:left|color:%23454F58&#8243; use_theme_fonts=&#8221;yes&#8221; css_animation=&#8221;fadeInLeft&#8221; css=&#8221;.vc_custom_1761496866194{padding-left: 50px !important;}&#8221;][\/vc_column][\/vc_row][vc_row][vc_column [&hellip;]","og_url":"https:\/\/svera.at\/industrie\/handwerkliche-und-technische-berufe-2\/","og_site_name":"SVERA","article_publisher":"https:\/\/www.facebook.com\/profile.php?id=100083288035481","article_modified_time":"2025-10-26T16:45:13+00:00","og_image":[{"width":1563,"height":1563,"url":"https:\/\/svera.at\/industrie\/wp-content\/uploads\/2025\/02\/LOGO-SVERA-NOVI_spletna-stran-1.png","type":"image\/png"}],"twitter_card":"summary_large_image","twitter_misc":{"Est. reading time":"1 minute"},"schema":{"@context":"https:\/\/schema.org","@graph":[{"@type":"WebPage","@id":"https:\/\/svera.at\/industrie\/handwerkliche-und-technische-berufe-2\/","url":"https:\/\/svera.at\/industrie\/handwerkliche-und-technische-berufe-2\/","name":"Handwerkliche und technische Berufe - SVERA","isPartOf":{"@id":"https:\/\/svera.at\/industrie\/#website"},"datePublished":"2025-10-26T16:42:08+00:00","dateModified":"2025-10-26T16:45:13+00:00","breadcrumb":{"@id":"https:\/\/svera.at\/industrie\/handwerkliche-und-technische-berufe-2\/#breadcrumb"},"inLanguage":"en-US","potentialAction":[{"@type":"ReadAction","target":["https:\/\/svera.at\/industrie\/handwerkliche-und-technische-berufe-2\/"]}]},{"@type":"BreadcrumbList","@id":"https:\/\/svera.at\/industrie\/handwerkliche-und-technische-berufe-2\/#breadcrumb","itemListElement":[{"@type":"ListItem","position":1,"name":"Home","item":"https:\/\/svera.at\/industrie\/"},{"@type":"ListItem","position":2,"name":"Handwerkliche und technische Berufe"}]},{"@type":"WebSite","@id":"https:\/\/svera.at\/industrie\/#website","url":"https:\/\/svera.at\/industrie\/","name":"SVERA","description":"SVERA Pesonal OG","publisher":{"@id":"https:\/\/svera.at\/industrie\/#organization"},"potentialAction":[{"@type":"SearchAction","target":{"@type":"EntryPoint","urlTemplate":"https:\/\/svera.at\/industrie\/?s={search_term_string}"},"query-input":{"@type":"PropertyValueSpecification","valueRequired":true,"valueName":"search_term_string"}}],"inLanguage":"en-US"},{"@type":"Organization","@id":"https:\/\/svera.at\/industrie\/#organization","name":"SVERA","url":"https:\/\/svera.at\/industrie\/","logo":{"@type":"ImageObject","inLanguage":"en-US","@id":"https:\/\/svera.at\/industrie\/#\/schema\/logo\/image\/","url":"https:\/\/svera.at\/industrie\/wp-content\/uploads\/2025\/02\/LOGO-SVERA-NOVI_spletna-stran-1.png","contentUrl":"https:\/\/svera.at\/industrie\/wp-content\/uploads\/2025\/02\/LOGO-SVERA-NOVI_spletna-stran-1.png","width":1563,"height":1563,"caption":"SVERA"},"image":{"@id":"https:\/\/svera.at\/industrie\/#\/schema\/logo\/image\/"},"sameAs":["https:\/\/www.facebook.com\/profile.php?id=100083288035481","https:\/\/www.linkedin.com\/company\/svera-personal-og\/?viewAsMember=true","https:\/\/www.instagram.com\/sverapersonal\/"]}]}},"_links":{"self":[{"href":"https:\/\/svera.at\/industrie\/wp-json\/wp\/v2\/pages\/32766","targetHints":{"allow":["GET"]}}],"collection":[{"href":"https:\/\/svera.at\/industrie\/wp-json\/wp\/v2\/pages"}],"about":[{"href":"https:\/\/svera.at\/industrie\/wp-json\/wp\/v2\/types\/page"}],"author":[{"embeddable":true,"href":"https:\/\/svera.at\/industrie\/wp-json\/wp\/v2\/users\/2"}],"replies":[{"embeddable":true,"href":"https:\/\/svera.at\/industrie\/wp-json\/wp\/v2\/comments?post=32766"}],"version-history":[{"count":4,"href":"https:\/\/svera.at\/industrie\/wp-json\/wp\/v2\/pages\/32766\/revisions"}],"predecessor-version":[{"id":32769,"href":"https:\/\/svera.at\/industrie\/wp-json\/wp\/v2\/pages\/32766\/revisions\/32769"}],"wp:attachment":[{"href":"https:\/\/svera.at\/industrie\/wp-json\/wp\/v2\/media?parent=32766"}],"curies":[{"name":"wp","href":"https:\/\/api.w.org\/{rel}","templated":true}]}}