{"id":32787,"date":"2025-10-26T18:02:59","date_gmt":"2025-10-26T17:02:59","guid":{"rendered":"https:\/\/svera.at\/industrie\/?page_id=32787"},"modified":"2025-10-29T08:37:36","modified_gmt":"2025-10-29T07:37:36","slug":"projekte","status":"publish","type":"page","link":"https:\/\/svera.at\/industrie\/projekte\/","title":{"rendered":"Projekte"},"content":{"rendered":"<div class=\"wpb-content-wrapper\"><p>[vc_row][vc_column width=&#8221;1\/2&#8243;][vc_empty_space height=&#8221;20px&#8221;][vc_column_text css_animation=&#8221;none&#8221; css=&#8221;&#8221;]<\/p>\n<h2 data-start=\"240\" data-end=\"322\"><strong data-start=\"246\" data-end=\"322\">Recruiting-Projekte \u2013 ma\u00dfgeschneiderte L\u00f6sungen f\u00fcr Ihren Personalbedarf<\/strong><\/h2>\n<p data-start=\"324\" data-end=\"622\">Mit unseren individuellen Recruiting-Projekten unterst\u00fctzen wir Unternehmen dabei, genau die Mitarbeiter:innen zu finden, die sie wirklich brauchen.<br data-start=\"472\" data-end=\"475\" \/>Ob Sie einzelne Positionen besetzen oder ganze Teams aufbauen m\u00f6chten \u2013 wir begleiten Sie von der Bedarfsanalyse bis zur erfolgreichen Einstellung.<\/p>\n<p data-start=\"624\" data-end=\"901\">Unsere St\u00e4rke liegt in der Kombination aus Branchenkenntnis, strukturierten Prozessen und einem breiten internationalen Netzwerk an qualifizierten Fach- und Hilfskr\u00e4ften.<br data-start=\"794\" data-end=\"797\" \/>Dabei \u00fcbernehmen wir alle Schritte des Recruiting-Prozesses \u2013 effizient, transparent und zielorientiert.<\/p>\n<p data-start=\"903\" data-end=\"960\"><strong data-start=\"903\" data-end=\"960\">Unsere Leistungen im Rahmen von Recruiting-Projekten:<\/strong><\/p>\n<ul data-start=\"961\" data-end=\"1317\">\n<li data-start=\"961\" data-end=\"1032\">\n<p data-start=\"963\" data-end=\"1032\">Analyse Ihrer Personalbed\u00fcrfnisse und Erstellung eines Projektplans<\/p>\n<\/li>\n<li data-start=\"1033\" data-end=\"1103\">\n<p data-start=\"1035\" data-end=\"1103\">Erstellung und Ver\u00f6ffentlichung von Stellenanzeigen (mehrsprachig)<\/p>\n<\/li>\n<li data-start=\"1104\" data-end=\"1151\">\n<p data-start=\"1106\" data-end=\"1151\">Vorauswahl und Screening der Bewerber:innen<\/p>\n<\/li>\n<li data-start=\"1152\" data-end=\"1205\">\n<p data-start=\"1154\" data-end=\"1205\">Koordination von Interviews und Feedbackprozessen<\/p>\n<\/li>\n<li data-start=\"1206\" data-end=\"1273\">\n<p data-start=\"1208\" data-end=\"1273\">Unterst\u00fctzung bei arbeitsrechtlichen und administrativen Themen<\/p>\n<\/li>\n<li data-start=\"1274\" data-end=\"1317\">\n<p data-start=\"1276\" data-end=\"1317\">Laufende Projektbetreuung und Reporting<\/p>\n<\/li>\n<\/ul>\n<p data-start=\"1319\" data-end=\"1482\">Wir f\u00fchren Recruiting-Projekte in verschiedenen Branchen durch:<br data-start=\"1382\" data-end=\"1385\" \/><strong data-start=\"1385\" data-end=\"1482\">Gesundheitswesen, Gastronomie, Technik, Produktion, Logistik, IT, Metallindustrie und Handel.<\/strong><\/p>\n<p data-start=\"1484\" data-end=\"1650\">Mit <strong data-start=\"1488\" data-end=\"1509\">SVERA Personal OG<\/strong> gewinnen Sie nicht nur Mitarbeiter:innen \u2013<br data-start=\"1552\" data-end=\"1555\" \/>sondern einen verl\u00e4sslichen Partner, der Ihr Unternehmen langfristig beim Wachstum unterst\u00fctzt.<\/p>\n<p>[\/vc_column_text][vc_empty_space height=&#8221;20px&#8221;][vc_empty_space height=&#8221;20px&#8221;][\/vc_column][vc_column width=&#8221;1\/2&#8243;][vc_column_text css_animation=&#8221;none&#8221; css=&#8221;&#8221;]<img loading=\"lazy\" decoding=\"async\" class=\"alignnone size-full wp-image-32675\" src=\"https:\/\/svera.at\/industrie\/wp-content\/uploads\/2025\/10\/Vorstellungsgespracg-PNG-scaled.png\" alt=\"\" width=\"2560\" height=\"1536\" srcset=\"https:\/\/svera.at\/industrie\/wp-content\/uploads\/2025\/10\/Vorstellungsgespracg-PNG-scaled.png 2560w, https:\/\/svera.at\/industrie\/wp-content\/uploads\/2025\/10\/Vorstellungsgespracg-PNG-300x180.png 300w, https:\/\/svera.at\/industrie\/wp-content\/uploads\/2025\/10\/Vorstellungsgespracg-PNG-1024x614.png 1024w, https:\/\/svera.at\/industrie\/wp-content\/uploads\/2025\/10\/Vorstellungsgespracg-PNG-768x461.png 768w, https:\/\/svera.at\/industrie\/wp-content\/uploads\/2025\/10\/Vorstellungsgespracg-PNG-1536x922.png 1536w, https:\/\/svera.at\/industrie\/wp-content\/uploads\/2025\/10\/Vorstellungsgespracg-PNG-2048x1229.png 2048w, https:\/\/svera.at\/industrie\/wp-content\/uploads\/2025\/10\/Vorstellungsgespracg-PNG-500x300.png 500w\" sizes=\"auto, (max-width: 2560px) 100vw, 2560px\" \/>[\/vc_column_text][\/vc_column][\/vc_row][vc_row][vc_column][vc_row_inner css=&#8221;.vc_custom_1559288987475{margin-bottom: 0px !important;}&#8221; el_class=&#8221;float-left&#8221;][vc_column_inner width=&#8221;9\/12&#8243;]<div class=\"title-subtile-holder  animateIn text_left\" data-animate=\"no_animation\"><h1 style=\"color: #252525;\" class=\"section-title custom_color\">Haben Sie Fragen?<\/h1><div style=\"color: #808080;\" class=\"section-subtitle custom_color\">Bei Fragen oder weiteren Informationen stehen wir Ihnen gerne zur Verf\u00fcgung.<\/div><div style=\"background-color: #ffffff;\" class=\"section-separator custom_color\"><\/div><\/div>[\/vc_column_inner][vc_column_inner width=&#8221;3\/12&#8243;][vc_empty_space height=&#8221;10px&#8221;]<style type=\"text\/css\">\n                .modeltheme_button .btn_custom_69e75679cc1c3 {\n                    background: #454F58 !important;\n                }\n                .modeltheme_button .btn_custom_69e75679cc1c3:hover {                   \n                    color:  !important;                     \n                }\n                .modeltheme_button .btn_custom_69e75679cc1c3:before {\n                    background: #95999C !important;\n                }\n                .modeltheme_button .btn_custom_69e75679cc1c3:hover:before {\n                    background: #95999C !important;\n                }\n              <\/style><div class=\"text-center modeltheme_button wow no_animation\"><a href=\"https:\/\/svera.at\/industrie\/kontakt\/\" class=\"button-winona btn btn-sm btn_custom_69e75679cc1c3\" style=\"color:rgba(255,255,255,0.99)\">KONTAKT<\/a><\/div>[\/vc_column_inner][\/vc_row_inner][\/vc_column][\/vc_row]<\/p>\n<\/div>","protected":false},"excerpt":{"rendered":"<p>[vc_row][vc_column width=&#8221;1\/2&#8243;][vc_empty_space height=&#8221;20px&#8221;][vc_column_text css_animation=&#8221;none&#8221; css=&#8221;&#8221;] Recruiting-Projekte \u2013 ma\u00dfgeschneiderte L\u00f6sungen f\u00fcr Ihren Personalbedarf Mit unseren individuellen Recruiting-Projekten unterst\u00fctzen wir Unternehmen dabei, genau die Mitarbeiter:innen zu finden, die [&hellip;]<\/p>\n","protected":false},"author":2,"featured_media":0,"parent":0,"menu_order":0,"comment_status":"closed","ping_status":"closed","template":"","meta":{"footnotes":""},"class_list":["post-32787","page","type-page","status-publish","hentry"],"yoast_head":"<!-- This site is optimized with the Yoast SEO plugin v26.0 - https:\/\/yoast.com\/wordpress\/plugins\/seo\/ -->\n<title>Projekte - SVERA<\/title>\n<meta name=\"robots\" content=\"index, follow, max-snippet:-1, max-image-preview:large, max-video-preview:-1\" \/>\n<link rel=\"canonical\" href=\"https:\/\/svera.at\/industrie\/projekte\/\" \/>\n<meta property=\"og:locale\" content=\"en_US\" \/>\n<meta property=\"og:type\" content=\"article\" \/>\n<meta property=\"og:title\" content=\"Projekte - SVERA\" \/>\n<meta property=\"og:description\" content=\"[vc_row][vc_column width=&#8221;1\/2&#8243;][vc_empty_space height=&#8221;20px&#8221;][vc_column_text css_animation=&#8221;none&#8221; css=&#8221;&#8221;] Recruiting-Projekte \u2013 ma\u00dfgeschneiderte L\u00f6sungen f\u00fcr Ihren Personalbedarf Mit unseren individuellen Recruiting-Projekten unterst\u00fctzen wir Unternehmen dabei, genau die Mitarbeiter:innen zu finden, die [&hellip;]\" \/>\n<meta property=\"og:url\" content=\"https:\/\/svera.at\/industrie\/projekte\/\" \/>\n<meta property=\"og:site_name\" content=\"SVERA\" \/>\n<meta property=\"article:publisher\" content=\"https:\/\/www.facebook.com\/profile.php?id=100083288035481\" \/>\n<meta property=\"article:modified_time\" content=\"2025-10-29T07:37:36+00:00\" \/>\n<meta property=\"og:image\" content=\"https:\/\/svera.at\/industrie\/wp-content\/uploads\/2025\/10\/Vorstellungsgespracg-PNG-1024x614.png\" \/>\n\t<meta property=\"og:image:width\" content=\"1024\" \/>\n\t<meta property=\"og:image:height\" content=\"614\" \/>\n\t<meta property=\"og:image:type\" content=\"image\/png\" \/>\n<meta name=\"twitter:card\" content=\"summary_large_image\" \/>\n<meta name=\"twitter:label1\" content=\"Est. reading time\" \/>\n\t<meta name=\"twitter:data1\" content=\"2 minutes\" \/>\n<script type=\"application\/ld+json\" class=\"yoast-schema-graph\">{\"@context\":\"https:\/\/schema.org\",\"@graph\":[{\"@type\":\"WebPage\",\"@id\":\"https:\/\/svera.at\/industrie\/projekte\/\",\"url\":\"https:\/\/svera.at\/industrie\/projekte\/\",\"name\":\"Projekte - SVERA\",\"isPartOf\":{\"@id\":\"https:\/\/svera.at\/industrie\/#website\"},\"primaryImageOfPage\":{\"@id\":\"https:\/\/svera.at\/industrie\/projekte\/#primaryimage\"},\"image\":{\"@id\":\"https:\/\/svera.at\/industrie\/projekte\/#primaryimage\"},\"thumbnailUrl\":\"https:\/\/svera.at\/industrie\/wp-content\/uploads\/2025\/10\/Vorstellungsgespracg-PNG-scaled.png\",\"datePublished\":\"2025-10-26T17:02:59+00:00\",\"dateModified\":\"2025-10-29T07:37:36+00:00\",\"breadcrumb\":{\"@id\":\"https:\/\/svera.at\/industrie\/projekte\/#breadcrumb\"},\"inLanguage\":\"en-US\",\"potentialAction\":[{\"@type\":\"ReadAction\",\"target\":[\"https:\/\/svera.at\/industrie\/projekte\/\"]}]},{\"@type\":\"ImageObject\",\"inLanguage\":\"en-US\",\"@id\":\"https:\/\/svera.at\/industrie\/projekte\/#primaryimage\",\"url\":\"https:\/\/svera.at\/industrie\/wp-content\/uploads\/2025\/10\/Vorstellungsgespracg-PNG-scaled.png\",\"contentUrl\":\"https:\/\/svera.at\/industrie\/wp-content\/uploads\/2025\/10\/Vorstellungsgespracg-PNG-scaled.png\",\"width\":2560,\"height\":1536},{\"@type\":\"BreadcrumbList\",\"@id\":\"https:\/\/svera.at\/industrie\/projekte\/#breadcrumb\",\"itemListElement\":[{\"@type\":\"ListItem\",\"position\":1,\"name\":\"Home\",\"item\":\"https:\/\/svera.at\/industrie\/\"},{\"@type\":\"ListItem\",\"position\":2,\"name\":\"Projekte\"}]},{\"@type\":\"WebSite\",\"@id\":\"https:\/\/svera.at\/industrie\/#website\",\"url\":\"https:\/\/svera.at\/industrie\/\",\"name\":\"SVERA\",\"description\":\"SVERA Pesonal OG\",\"publisher\":{\"@id\":\"https:\/\/svera.at\/industrie\/#organization\"},\"potentialAction\":[{\"@type\":\"SearchAction\",\"target\":{\"@type\":\"EntryPoint\",\"urlTemplate\":\"https:\/\/svera.at\/industrie\/?s={search_term_string}\"},\"query-input\":{\"@type\":\"PropertyValueSpecification\",\"valueRequired\":true,\"valueName\":\"search_term_string\"}}],\"inLanguage\":\"en-US\"},{\"@type\":\"Organization\",\"@id\":\"https:\/\/svera.at\/industrie\/#organization\",\"name\":\"SVERA\",\"url\":\"https:\/\/svera.at\/industrie\/\",\"logo\":{\"@type\":\"ImageObject\",\"inLanguage\":\"en-US\",\"@id\":\"https:\/\/svera.at\/industrie\/#\/schema\/logo\/image\/\",\"url\":\"https:\/\/svera.at\/industrie\/wp-content\/uploads\/2025\/02\/LOGO-SVERA-NOVI_spletna-stran-1.png\",\"contentUrl\":\"https:\/\/svera.at\/industrie\/wp-content\/uploads\/2025\/02\/LOGO-SVERA-NOVI_spletna-stran-1.png\",\"width\":1563,\"height\":1563,\"caption\":\"SVERA\"},\"image\":{\"@id\":\"https:\/\/svera.at\/industrie\/#\/schema\/logo\/image\/\"},\"sameAs\":[\"https:\/\/www.facebook.com\/profile.php?id=100083288035481\",\"https:\/\/www.linkedin.com\/company\/svera-personal-og\/?viewAsMember=true\",\"https:\/\/www.instagram.com\/sverapersonal\/\"]}]}<\/script>\n<!-- \/ Yoast SEO plugin. -->","yoast_head_json":{"title":"Projekte - SVERA","robots":{"index":"index","follow":"follow","max-snippet":"max-snippet:-1","max-image-preview":"max-image-preview:large","max-video-preview":"max-video-preview:-1"},"canonical":"https:\/\/svera.at\/industrie\/projekte\/","og_locale":"en_US","og_type":"article","og_title":"Projekte - SVERA","og_description":"[vc_row][vc_column width=&#8221;1\/2&#8243;][vc_empty_space height=&#8221;20px&#8221;][vc_column_text css_animation=&#8221;none&#8221; css=&#8221;&#8221;] Recruiting-Projekte \u2013 ma\u00dfgeschneiderte L\u00f6sungen f\u00fcr Ihren Personalbedarf Mit unseren individuellen Recruiting-Projekten unterst\u00fctzen wir Unternehmen dabei, genau die Mitarbeiter:innen zu finden, die [&hellip;]","og_url":"https:\/\/svera.at\/industrie\/projekte\/","og_site_name":"SVERA","article_publisher":"https:\/\/www.facebook.com\/profile.php?id=100083288035481","article_modified_time":"2025-10-29T07:37:36+00:00","og_image":[{"width":1024,"height":614,"url":"https:\/\/svera.at\/industrie\/wp-content\/uploads\/2025\/10\/Vorstellungsgespracg-PNG-1024x614.png","type":"image\/png"}],"twitter_card":"summary_large_image","twitter_misc":{"Est. reading time":"2 minutes"},"schema":{"@context":"https:\/\/schema.org","@graph":[{"@type":"WebPage","@id":"https:\/\/svera.at\/industrie\/projekte\/","url":"https:\/\/svera.at\/industrie\/projekte\/","name":"Projekte - SVERA","isPartOf":{"@id":"https:\/\/svera.at\/industrie\/#website"},"primaryImageOfPage":{"@id":"https:\/\/svera.at\/industrie\/projekte\/#primaryimage"},"image":{"@id":"https:\/\/svera.at\/industrie\/projekte\/#primaryimage"},"thumbnailUrl":"https:\/\/svera.at\/industrie\/wp-content\/uploads\/2025\/10\/Vorstellungsgespracg-PNG-scaled.png","datePublished":"2025-10-26T17:02:59+00:00","dateModified":"2025-10-29T07:37:36+00:00","breadcrumb":{"@id":"https:\/\/svera.at\/industrie\/projekte\/#breadcrumb"},"inLanguage":"en-US","potentialAction":[{"@type":"ReadAction","target":["https:\/\/svera.at\/industrie\/projekte\/"]}]},{"@type":"ImageObject","inLanguage":"en-US","@id":"https:\/\/svera.at\/industrie\/projekte\/#primaryimage","url":"https:\/\/svera.at\/industrie\/wp-content\/uploads\/2025\/10\/Vorstellungsgespracg-PNG-scaled.png","contentUrl":"https:\/\/svera.at\/industrie\/wp-content\/uploads\/2025\/10\/Vorstellungsgespracg-PNG-scaled.png","width":2560,"height":1536},{"@type":"BreadcrumbList","@id":"https:\/\/svera.at\/industrie\/projekte\/#breadcrumb","itemListElement":[{"@type":"ListItem","position":1,"name":"Home","item":"https:\/\/svera.at\/industrie\/"},{"@type":"ListItem","position":2,"name":"Projekte"}]},{"@type":"WebSite","@id":"https:\/\/svera.at\/industrie\/#website","url":"https:\/\/svera.at\/industrie\/","name":"SVERA","description":"SVERA Pesonal OG","publisher":{"@id":"https:\/\/svera.at\/industrie\/#organization"},"potentialAction":[{"@type":"SearchAction","target":{"@type":"EntryPoint","urlTemplate":"https:\/\/svera.at\/industrie\/?s={search_term_string}"},"query-input":{"@type":"PropertyValueSpecification","valueRequired":true,"valueName":"search_term_string"}}],"inLanguage":"en-US"},{"@type":"Organization","@id":"https:\/\/svera.at\/industrie\/#organization","name":"SVERA","url":"https:\/\/svera.at\/industrie\/","logo":{"@type":"ImageObject","inLanguage":"en-US","@id":"https:\/\/svera.at\/industrie\/#\/schema\/logo\/image\/","url":"https:\/\/svera.at\/industrie\/wp-content\/uploads\/2025\/02\/LOGO-SVERA-NOVI_spletna-stran-1.png","contentUrl":"https:\/\/svera.at\/industrie\/wp-content\/uploads\/2025\/02\/LOGO-SVERA-NOVI_spletna-stran-1.png","width":1563,"height":1563,"caption":"SVERA"},"image":{"@id":"https:\/\/svera.at\/industrie\/#\/schema\/logo\/image\/"},"sameAs":["https:\/\/www.facebook.com\/profile.php?id=100083288035481","https:\/\/www.linkedin.com\/company\/svera-personal-og\/?viewAsMember=true","https:\/\/www.instagram.com\/sverapersonal\/"]}]}},"_links":{"self":[{"href":"https:\/\/svera.at\/industrie\/wp-json\/wp\/v2\/pages\/32787","targetHints":{"allow":["GET"]}}],"collection":[{"href":"https:\/\/svera.at\/industrie\/wp-json\/wp\/v2\/pages"}],"about":[{"href":"https:\/\/svera.at\/industrie\/wp-json\/wp\/v2\/types\/page"}],"author":[{"embeddable":true,"href":"https:\/\/svera.at\/industrie\/wp-json\/wp\/v2\/users\/2"}],"replies":[{"embeddable":true,"href":"https:\/\/svera.at\/industrie\/wp-json\/wp\/v2\/comments?post=32787"}],"version-history":[{"count":5,"href":"https:\/\/svera.at\/industrie\/wp-json\/wp\/v2\/pages\/32787\/revisions"}],"predecessor-version":[{"id":32810,"href":"https:\/\/svera.at\/industrie\/wp-json\/wp\/v2\/pages\/32787\/revisions\/32810"}],"wp:attachment":[{"href":"https:\/\/svera.at\/industrie\/wp-json\/wp\/v2\/media?parent=32787"}],"curies":[{"name":"wp","href":"https:\/\/api.w.org\/{rel}","templated":true}]}}